{"id":6878,"date":"2023-11-17T15:20:55","date_gmt":"2023-11-17T14:20:55","guid":{"rendered":"https:\/\/marc-folly.com\/informacion-juridica\/"},"modified":"2024-07-04T10:31:19","modified_gmt":"2024-07-04T08:31:19","slug":"informacion-juridica","status":"publish","type":"page","link":"https:\/\/marc-folly.com\/es\/informacion-juridica\/","title":{"rendered":"Informaci\u00f3n jur\u00eddica"},"content":{"rendered":"\n<p>Los derechos de propiedad intelectual relativos al sitio https:\/\/marcfolly.com\/ pertenecen a MARC FOLLY.<\/p>\n\n<p>Toda utilizaci\u00f3n, reproducci\u00f3n, distribuci\u00f3n, comercializaci\u00f3n o modificaci\u00f3n total o parcial del sitio sin la autorizaci\u00f3n de MARC FOLLY est\u00e1 prohibida y puede dar lugar a acciones y procedimientos judiciales previstos en particular por el C\u00f3digo de la Propiedad Intelectual y\/o el C\u00f3digo Civil (art\u00edculos L.3335-2).<\/p>\n\n<h2 class=\"wp-block-heading\">Cr\u00e9ditos :<\/h2>\n\n<h3 class=\"wp-block-heading\">Propietario y editor :<\/h3>\n\n<p>MARC FOLLY<br\/><strong>Tel\u00e9fono:<\/strong> 06 01 74 01 28<\/p>\n\n<p><strong>Direcci\u00f3n postal:<\/strong> ATELIER DE PEINTURE MARC FOLLY Sede social: 14 All\u00e9e des cerisiers 69540 IRIGNY<\/p>\n\n<p><\/p>\n\n<p><strong>SIRET:<\/strong> 40013538000022<br\/><strong>APE :<\/strong> 9003A<br\/><strong>R.C.S. LYON<\/strong><br\/>Empresario individual.  <br\/><strong>INTRA COMMUNITY N\u00famero de IVA:<\/strong> FR15400135380<\/p>\n\n<p><\/p>\n\n<h3 class=\"wp-block-heading\">Situaci\u00f3n administrativa y facturaci\u00f3n :<\/h3>\n\n<p>MARC FOLLY opera como comerciante individual. M\u00e9todo de facturaci\u00f3n en euros sin IVA. Facturado a final de mes para su pago en un plazo de 45 d\u00edas a partir de final de mes, con un IVA del 20%.<\/p>\n\n<h3 class=\"wp-block-heading\">Dise\u00f1o y producci\u00f3n :<\/h3>\n\n<p><strong>NetCURD<\/strong><br\/>P\u00e1gina web: https: <a href=\"https:\/\/netcurd.fr\">\/\/netcurd.fr<\/a><\/p>\n\n<h3 class=\"wp-block-heading\">Alojamiento :<\/h3>\n\n<p><strong>OVH SAS<\/strong><br\/>2 rue Kellermann<br\/>BP 80157<br\/>59100 ROUBAIX<br\/>P\u00e1gina web: <a href=\"http:\/\/www.ovh.com\/\" target=\"_blank\" rel=\"noreferrer noopener\">www.ovh.comAssistance<\/a>OVH Comercial: 0 820 698 765 n\u00famero \u00edndigo (0,118 \u20ac\/min)<\/p>\n\n<h3 class=\"wp-block-heading\">Datos recogidos :<\/h3>\n\n<p>Sus datos personales (apellidos, nombre, direcci\u00f3n de correo electr\u00f3nico, n\u00famero de tel\u00e9fono) podr\u00e1n ser utilizados en nuestras bases de datos internas.<br\/>Marc Folly se compromete a garantizar que cualquier persona que se ponga en contacto con la organizaci\u00f3n de formaci\u00f3n pueda rectificar, completar, actualizar, bloquear o suprimir cualquier informaci\u00f3n que le concierna.<br\/>Las solicitudes deben dirigirse a Marc Folly, de conformidad con los art\u00edculos 38, 39 y 40 de la Ley francesa de Protecci\u00f3n de Datos n\u00ba 78-17 de 6 de enero de 1978, modificada en agosto de 2004.<br\/>Los datos s\u00f3lo son utilizados internamente por Marc Folly para enviar informaci\u00f3n, consejos y el calendario de formaci\u00f3n cada seis meses.<\/p>\n\n<p><strong>N\u00famero de declaraci\u00f3n Cnil simplificado :<\/strong> <\/p>\n\n<h3 class=\"wp-block-heading\">T\u00e9rminos y condiciones del sitio<\/h3>\n\n<p>Marc Folly pretende ofrecer informaci\u00f3n fiable en su sitio web.<br\/>La informaci\u00f3n contenida en este sitio es lo m\u00e1s precisa posible con la evoluci\u00f3n y actualizaciones, pero el sitio puede contener inexactitudes y \/ u omisiones.<br\/>Marc Folly no se hace responsable del uso que se haga de la informaci\u00f3n contenida en el sitio, ni de los da\u00f1os directos o indirectos que puedan derivarse.<br\/>Los contenidos se descargan por cuenta y riesgo del usuario. Es su responsabilidad. Marc Folly no se responsabiliza de los da\u00f1os causados al ordenador del usuario ni de la p\u00e9rdida de datos.<\/p>\n","protected":false},"excerpt":{"rendered":"<p>Los derechos de propiedad intelectual relativos al sitio https:\/\/marcfolly.com\/ pertenecen a MARC FOLLY. Toda utilizaci\u00f3n, reproducci\u00f3n, distribuci\u00f3n, comercializaci\u00f3n o modificaci\u00f3n total o parcial del sitio sin la autorizaci\u00f3n de MARC FOLLY est\u00e1 prohibida y puede dar lugar a acciones y procedimientos judiciales previstos en particular por el C\u00f3digo de la Propiedad Intelectual y\/o el C\u00f3digo [&hellip;]<\/p>\n","protected":false},"author":2,"featured_media":0,"parent":0,"menu_order":0,"comment_status":"closed","ping_status":"closed","template":"","meta":{"_acf_changed":false,"footnotes":""},"class_list":["post-6878","page","type-page","status-publish","hentry"],"acf":[],"yoast_head":"<!-- This site is optimized with the Yoast SEO plugin v27.3 - https:\/\/yoast.com\/product\/yoast-seo-wordpress\/ -->\n<title>Informaci\u00f3n jur\u00eddica - Marc Folly<\/title>\n<meta name=\"robots\" content=\"index, follow, max-snippet:-1, max-image-preview:large, max-video-preview:-1\" \/>\n<link rel=\"canonical\" href=\"https:\/\/marc-folly.com\/es\/informacion-juridica\/\" \/>\n<meta property=\"og:locale\" content=\"es_ES\" \/>\n<meta property=\"og:type\" content=\"article\" \/>\n<meta property=\"og:title\" content=\"Informaci\u00f3n jur\u00eddica - Marc Folly\" \/>\n<meta property=\"og:description\" content=\"Los derechos de propiedad intelectual relativos al sitio https:\/\/marcfolly.com\/ pertenecen a MARC FOLLY. Toda utilizaci\u00f3n, reproducci\u00f3n, distribuci\u00f3n, comercializaci\u00f3n o modificaci\u00f3n total o parcial del sitio sin la autorizaci\u00f3n de MARC FOLLY est\u00e1 prohibida y puede dar lugar a acciones y procedimientos judiciales previstos en particular por el C\u00f3digo de la Propiedad Intelectual y\/o el C\u00f3digo [&hellip;]\" \/>\n<meta property=\"og:url\" content=\"https:\/\/marc-folly.com\/es\/informacion-juridica\/\" \/>\n<meta property=\"og:site_name\" content=\"Marc Folly\" \/>\n<meta property=\"article:modified_time\" content=\"2024-07-04T08:31:19+00:00\" \/>\n<meta name=\"twitter:card\" content=\"summary_large_image\" \/>\n<meta name=\"twitter:label1\" content=\"Tiempo de lectura\" \/>\n\t<meta name=\"twitter:data1\" content=\"2 minutos\" \/>\n<script type=\"application\/ld+json\" class=\"yoast-schema-graph\">{\"@context\":\"https:\\\/\\\/schema.org\",\"@graph\":[{\"@type\":\"WebPage\",\"@id\":\"https:\\\/\\\/marc-folly.com\\\/es\\\/informacion-juridica\\\/\",\"url\":\"https:\\\/\\\/marc-folly.com\\\/es\\\/informacion-juridica\\\/\",\"name\":\"Informaci\u00f3n jur\u00eddica - Marc Folly\",\"isPartOf\":{\"@id\":\"https:\\\/\\\/marc-folly.com\\\/es\\\/#website\"},\"datePublished\":\"2023-11-17T14:20:55+00:00\",\"dateModified\":\"2024-07-04T08:31:19+00:00\",\"breadcrumb\":{\"@id\":\"https:\\\/\\\/marc-folly.com\\\/es\\\/informacion-juridica\\\/#breadcrumb\"},\"inLanguage\":\"es\",\"potentialAction\":[{\"@type\":\"ReadAction\",\"target\":[\"https:\\\/\\\/marc-folly.com\\\/es\\\/informacion-juridica\\\/\"]}]},{\"@type\":\"BreadcrumbList\",\"@id\":\"https:\\\/\\\/marc-folly.com\\\/es\\\/informacion-juridica\\\/#breadcrumb\",\"itemListElement\":[{\"@type\":\"ListItem\",\"position\":1,\"name\":\"Accueil\",\"item\":\"https:\\\/\\\/marc-folly.com\\\/es\\\/\"},{\"@type\":\"ListItem\",\"position\":2,\"name\":\"Informaci\u00f3n jur\u00eddica\"}]},{\"@type\":\"WebSite\",\"@id\":\"https:\\\/\\\/marc-folly.com\\\/es\\\/#website\",\"url\":\"https:\\\/\\\/marc-folly.com\\\/es\\\/\",\"name\":\"Marc Folly\",\"description\":\"\",\"publisher\":{\"@id\":\"https:\\\/\\\/marc-folly.com\\\/es\\\/#organization\"},\"potentialAction\":[{\"@type\":\"SearchAction\",\"target\":{\"@type\":\"EntryPoint\",\"urlTemplate\":\"https:\\\/\\\/marc-folly.com\\\/es\\\/?s={search_term_string}\"},\"query-input\":{\"@type\":\"PropertyValueSpecification\",\"valueRequired\":true,\"valueName\":\"search_term_string\"}}],\"inLanguage\":\"es\"},{\"@type\":\"Organization\",\"@id\":\"https:\\\/\\\/marc-folly.com\\\/es\\\/#organization\",\"name\":\"Marc Folly\",\"url\":\"https:\\\/\\\/marc-folly.com\\\/es\\\/\",\"logo\":{\"@type\":\"ImageObject\",\"inLanguage\":\"es\",\"@id\":\"https:\\\/\\\/marc-folly.com\\\/es\\\/#\\\/schema\\\/logo\\\/image\\\/\",\"url\":\"https:\\\/\\\/marc-folly.com\\\/wp-content\\\/uploads\\\/2023\\\/11\\\/logo-marc-folly-2023.svg\",\"contentUrl\":\"https:\\\/\\\/marc-folly.com\\\/wp-content\\\/uploads\\\/2023\\\/11\\\/logo-marc-folly-2023.svg\",\"width\":1300,\"height\":214,\"caption\":\"Marc Folly\"},\"image\":{\"@id\":\"https:\\\/\\\/marc-folly.com\\\/es\\\/#\\\/schema\\\/logo\\\/image\\\/\"}}]}<\/script>\n<!-- \/ Yoast SEO plugin. -->","yoast_head_json":{"title":"Informaci\u00f3n jur\u00eddica - Marc Folly","robots":{"index":"index","follow":"follow","max-snippet":"max-snippet:-1","max-image-preview":"max-image-preview:large","max-video-preview":"max-video-preview:-1"},"canonical":"https:\/\/marc-folly.com\/es\/informacion-juridica\/","og_locale":"es_ES","og_type":"article","og_title":"Informaci\u00f3n jur\u00eddica - Marc Folly","og_description":"Los derechos de propiedad intelectual relativos al sitio https:\/\/marcfolly.com\/ pertenecen a MARC FOLLY. Toda utilizaci\u00f3n, reproducci\u00f3n, distribuci\u00f3n, comercializaci\u00f3n o modificaci\u00f3n total o parcial del sitio sin la autorizaci\u00f3n de MARC FOLLY est\u00e1 prohibida y puede dar lugar a acciones y procedimientos judiciales previstos en particular por el C\u00f3digo de la Propiedad Intelectual y\/o el C\u00f3digo [&hellip;]","og_url":"https:\/\/marc-folly.com\/es\/informacion-juridica\/","og_site_name":"Marc Folly","article_modified_time":"2024-07-04T08:31:19+00:00","twitter_card":"summary_large_image","twitter_misc":{"Tiempo de lectura":"2 minutos"},"schema":{"@context":"https:\/\/schema.org","@graph":[{"@type":"WebPage","@id":"https:\/\/marc-folly.com\/es\/informacion-juridica\/","url":"https:\/\/marc-folly.com\/es\/informacion-juridica\/","name":"Informaci\u00f3n jur\u00eddica - Marc Folly","isPartOf":{"@id":"https:\/\/marc-folly.com\/es\/#website"},"datePublished":"2023-11-17T14:20:55+00:00","dateModified":"2024-07-04T08:31:19+00:00","breadcrumb":{"@id":"https:\/\/marc-folly.com\/es\/informacion-juridica\/#breadcrumb"},"inLanguage":"es","potentialAction":[{"@type":"ReadAction","target":["https:\/\/marc-folly.com\/es\/informacion-juridica\/"]}]},{"@type":"BreadcrumbList","@id":"https:\/\/marc-folly.com\/es\/informacion-juridica\/#breadcrumb","itemListElement":[{"@type":"ListItem","position":1,"name":"Accueil","item":"https:\/\/marc-folly.com\/es\/"},{"@type":"ListItem","position":2,"name":"Informaci\u00f3n jur\u00eddica"}]},{"@type":"WebSite","@id":"https:\/\/marc-folly.com\/es\/#website","url":"https:\/\/marc-folly.com\/es\/","name":"Marc Folly","description":"","publisher":{"@id":"https:\/\/marc-folly.com\/es\/#organization"},"potentialAction":[{"@type":"SearchAction","target":{"@type":"EntryPoint","urlTemplate":"https:\/\/marc-folly.com\/es\/?s={search_term_string}"},"query-input":{"@type":"PropertyValueSpecification","valueRequired":true,"valueName":"search_term_string"}}],"inLanguage":"es"},{"@type":"Organization","@id":"https:\/\/marc-folly.com\/es\/#organization","name":"Marc Folly","url":"https:\/\/marc-folly.com\/es\/","logo":{"@type":"ImageObject","inLanguage":"es","@id":"https:\/\/marc-folly.com\/es\/#\/schema\/logo\/image\/","url":"https:\/\/marc-folly.com\/wp-content\/uploads\/2023\/11\/logo-marc-folly-2023.svg","contentUrl":"https:\/\/marc-folly.com\/wp-content\/uploads\/2023\/11\/logo-marc-folly-2023.svg","width":1300,"height":214,"caption":"Marc Folly"},"image":{"@id":"https:\/\/marc-folly.com\/es\/#\/schema\/logo\/image\/"}}]}},"_links":{"self":[{"href":"https:\/\/marc-folly.com\/es\/wp-json\/wp\/v2\/pages\/6878","targetHints":{"allow":["GET"]}}],"collection":[{"href":"https:\/\/marc-folly.com\/es\/wp-json\/wp\/v2\/pages"}],"about":[{"href":"https:\/\/marc-folly.com\/es\/wp-json\/wp\/v2\/types\/page"}],"author":[{"embeddable":true,"href":"https:\/\/marc-folly.com\/es\/wp-json\/wp\/v2\/users\/2"}],"replies":[{"embeddable":true,"href":"https:\/\/marc-folly.com\/es\/wp-json\/wp\/v2\/comments?post=6878"}],"version-history":[{"count":5,"href":"https:\/\/marc-folly.com\/es\/wp-json\/wp\/v2\/pages\/6878\/revisions"}],"predecessor-version":[{"id":7677,"href":"https:\/\/marc-folly.com\/es\/wp-json\/wp\/v2\/pages\/6878\/revisions\/7677"}],"wp:attachment":[{"href":"https:\/\/marc-folly.com\/es\/wp-json\/wp\/v2\/media?parent=6878"}],"curies":[{"name":"wp","href":"https:\/\/api.w.org\/{rel}","templated":true}]}}