{"id":10911,"date":"2025-07-02T11:23:33","date_gmt":"2025-07-02T09:23:33","guid":{"rendered":"https:\/\/marc-folly.com\/produit\/marc-folly-obras-sobre-papel-3\/"},"modified":"2026-03-19T10:28:10","modified_gmt":"2026-03-19T09:28:10","slug":"marc-folly-obras-sobre-papel-3","status":"publish","type":"product","link":"https:\/\/marc-folly.com\/es\/produit\/marc-folly-obras-sobre-papel-3\/","title":{"rendered":"MARC FOLLY &#8211; OBRAS SOBRE PAPEL 3"},"content":{"rendered":"","protected":false},"excerpt":{"rendered":"<p>Te invito a descubrir 104 de mis acuarelas, un amplio y variado extracto de mi trabajo entre 2020 y 2024.<\/p>\n<p>25 x 25 cm &#8211; 120 p\u00e1ginas &#8211; Edici\u00f3n 2025.<\/p>\n<p><strong>Gastos de env\u00edo :<\/strong><\/p>\n<ul>\n<li><strong>Incluido para los pa\u00edses de la Uni\u00f3n Europea;<\/strong><\/li>\n<li><strong>Noruega, Suiza, Reino Unido, Irlanda e Islandia: 15 euros ;  <\/strong><\/li>\n<li><strong>EE.UU., Canad\u00e1 y Australia: 35 euros.<\/strong><\/li>\n<\/ul>\n<p>Dependiendo de tu pa\u00eds, pueden cobrarse derechos de aduana o impuestos en el momento de la entrega.<\/p>\n<p>Ponte en contacto conmigo para la entrega a un pa\u00eds que no figure en la lista anterior.<\/p>\n","protected":false},"featured_media":10883,"comment_status":"open","ping_status":"closed","template":"","meta":{"_acf_changed":false},"product_brand":[],"product_cat":[91],"product_tag":[],"class_list":{"0":"post-10911","1":"product","2":"type-product","3":"status-publish","4":"has-post-thumbnail","6":"product_cat-libros","8":"first","9":"instock","10":"featured","11":"taxable","12":"shipping-taxable","13":"purchasable","14":"product-type-simple"},"acf":[],"yoast_head":"<!-- This site is optimized with the Yoast SEO plugin v27.3 - https:\/\/yoast.com\/product\/yoast-seo-wordpress\/ -->\n<title>MARC FOLLY - OBRAS SOBRE PAPEL 3 - Marc Folly<\/title>\n<meta name=\"robots\" content=\"index, follow, max-snippet:-1, max-image-preview:large, max-video-preview:-1\" \/>\n<link rel=\"canonical\" href=\"https:\/\/marc-folly.com\/es\/produit\/marc-folly-obras-sobre-papel-3\/\" \/>\n<meta property=\"og:locale\" content=\"es_ES\" \/>\n<meta property=\"og:type\" content=\"article\" \/>\n<meta property=\"og:title\" content=\"MARC FOLLY - OBRAS SOBRE PAPEL 3 - Marc Folly\" \/>\n<meta property=\"og:description\" content=\"Te invito a descubrir 104 de mis acuarelas, un amplio y variado extracto de mi trabajo entre 2020 y 2024. 25 x 25 cm - 120 p\u00e1ginas - Edici\u00f3n 2025. Gastos de env\u00edo :  Incluido para los pa\u00edses de la Uni\u00f3n Europea;  Noruega, Suiza, Reino Unido, Irlanda e Islandia: 15 euros ;   EE.UU., Canad\u00e1 y Australia: 35 euros. Dependiendo de tu pa\u00eds, pueden cobrarse derechos de aduana o impuestos en el momento de la entrega. Ponte en contacto conmigo para la entrega a un pa\u00eds que no figure en la lista anterior.\" \/>\n<meta property=\"og:url\" content=\"https:\/\/marc-folly.com\/es\/produit\/marc-folly-obras-sobre-papel-3\/\" \/>\n<meta property=\"og:site_name\" content=\"Marc Folly\" \/>\n<meta property=\"article:modified_time\" content=\"2026-03-19T09:28:10+00:00\" \/>\n<meta property=\"og:image\" content=\"https:\/\/marc-folly.com\/wp-content\/uploads\/2025\/07\/MF_Livre_3_RVB_Couv-1.jpg\" \/>\n\t<meta property=\"og:image:width\" content=\"1476\" \/>\n\t<meta property=\"og:image:height\" content=\"1476\" \/>\n\t<meta property=\"og:image:type\" content=\"image\/jpeg\" \/>\n<meta name=\"twitter:card\" content=\"summary_large_image\" \/>\n<script type=\"application\/ld+json\" class=\"yoast-schema-graph\">{\"@context\":\"https:\\\/\\\/schema.org\",\"@graph\":[{\"@type\":\"WebPage\",\"@id\":\"https:\\\/\\\/marc-folly.com\\\/es\\\/produit\\\/marc-folly-obras-sobre-papel-3\\\/\",\"url\":\"https:\\\/\\\/marc-folly.com\\\/es\\\/produit\\\/marc-folly-obras-sobre-papel-3\\\/\",\"name\":\"MARC FOLLY - OBRAS SOBRE PAPEL 3 - Marc Folly\",\"isPartOf\":{\"@id\":\"https:\\\/\\\/marc-folly.com\\\/es\\\/#website\"},\"primaryImageOfPage\":{\"@id\":\"https:\\\/\\\/marc-folly.com\\\/es\\\/produit\\\/marc-folly-obras-sobre-papel-3\\\/#primaryimage\"},\"image\":{\"@id\":\"https:\\\/\\\/marc-folly.com\\\/es\\\/produit\\\/marc-folly-obras-sobre-papel-3\\\/#primaryimage\"},\"thumbnailUrl\":\"https:\\\/\\\/marc-folly.com\\\/wp-content\\\/uploads\\\/2025\\\/07\\\/MF_Livre_3_RVB_Couv-1.jpg\",\"datePublished\":\"2025-07-02T09:23:33+00:00\",\"dateModified\":\"2026-03-19T09:28:10+00:00\",\"breadcrumb\":{\"@id\":\"https:\\\/\\\/marc-folly.com\\\/es\\\/produit\\\/marc-folly-obras-sobre-papel-3\\\/#breadcrumb\"},\"inLanguage\":\"es\",\"potentialAction\":[{\"@type\":\"ReadAction\",\"target\":[\"https:\\\/\\\/marc-folly.com\\\/es\\\/produit\\\/marc-folly-obras-sobre-papel-3\\\/\"]}]},{\"@type\":\"ImageObject\",\"inLanguage\":\"es\",\"@id\":\"https:\\\/\\\/marc-folly.com\\\/es\\\/produit\\\/marc-folly-obras-sobre-papel-3\\\/#primaryimage\",\"url\":\"https:\\\/\\\/marc-folly.com\\\/wp-content\\\/uploads\\\/2025\\\/07\\\/MF_Livre_3_RVB_Couv-1.jpg\",\"contentUrl\":\"https:\\\/\\\/marc-folly.com\\\/wp-content\\\/uploads\\\/2025\\\/07\\\/MF_Livre_3_RVB_Couv-1.jpg\",\"width\":1476,\"height\":1476,\"caption\":\"MARC FOLLY \u2013 OEUVRES SUR PAPIER 3\"},{\"@type\":\"BreadcrumbList\",\"@id\":\"https:\\\/\\\/marc-folly.com\\\/es\\\/produit\\\/marc-folly-obras-sobre-papel-3\\\/#breadcrumb\",\"itemListElement\":[{\"@type\":\"ListItem\",\"position\":1,\"name\":\"Accueil\",\"item\":\"https:\\\/\\\/marc-folly.com\\\/es\\\/\"},{\"@type\":\"ListItem\",\"position\":2,\"name\":\"Productos\",\"item\":\"https:\\\/\\\/marc-folly.com\\\/es\\\/shop\\\/\"},{\"@type\":\"ListItem\",\"position\":3,\"name\":\"MARC FOLLY &#8211; OBRAS SOBRE PAPEL 3\"}]},{\"@type\":\"WebSite\",\"@id\":\"https:\\\/\\\/marc-folly.com\\\/es\\\/#website\",\"url\":\"https:\\\/\\\/marc-folly.com\\\/es\\\/\",\"name\":\"Marc Folly\",\"description\":\"\",\"publisher\":{\"@id\":\"https:\\\/\\\/marc-folly.com\\\/es\\\/#organization\"},\"potentialAction\":[{\"@type\":\"SearchAction\",\"target\":{\"@type\":\"EntryPoint\",\"urlTemplate\":\"https:\\\/\\\/marc-folly.com\\\/es\\\/?s={search_term_string}\"},\"query-input\":{\"@type\":\"PropertyValueSpecification\",\"valueRequired\":true,\"valueName\":\"search_term_string\"}}],\"inLanguage\":\"es\"},{\"@type\":\"Organization\",\"@id\":\"https:\\\/\\\/marc-folly.com\\\/es\\\/#organization\",\"name\":\"Marc Folly\",\"url\":\"https:\\\/\\\/marc-folly.com\\\/es\\\/\",\"logo\":{\"@type\":\"ImageObject\",\"inLanguage\":\"es\",\"@id\":\"https:\\\/\\\/marc-folly.com\\\/es\\\/#\\\/schema\\\/logo\\\/image\\\/\",\"url\":\"https:\\\/\\\/marc-folly.com\\\/wp-content\\\/uploads\\\/2023\\\/11\\\/logo-marc-folly-2023.svg\",\"contentUrl\":\"https:\\\/\\\/marc-folly.com\\\/wp-content\\\/uploads\\\/2023\\\/11\\\/logo-marc-folly-2023.svg\",\"width\":1300,\"height\":214,\"caption\":\"Marc Folly\"},\"image\":{\"@id\":\"https:\\\/\\\/marc-folly.com\\\/es\\\/#\\\/schema\\\/logo\\\/image\\\/\"}}]}<\/script>\n<!-- \/ Yoast SEO plugin. -->","yoast_head_json":{"title":"MARC FOLLY - OBRAS SOBRE PAPEL 3 - Marc Folly","robots":{"index":"index","follow":"follow","max-snippet":"max-snippet:-1","max-image-preview":"max-image-preview:large","max-video-preview":"max-video-preview:-1"},"canonical":"https:\/\/marc-folly.com\/es\/produit\/marc-folly-obras-sobre-papel-3\/","og_locale":"es_ES","og_type":"article","og_title":"MARC FOLLY - OBRAS SOBRE PAPEL 3 - Marc Folly","og_description":"Te invito a descubrir 104 de mis acuarelas, un amplio y variado extracto de mi trabajo entre 2020 y 2024. 25 x 25 cm - 120 p\u00e1ginas - Edici\u00f3n 2025. Gastos de env\u00edo :  Incluido para los pa\u00edses de la Uni\u00f3n Europea;  Noruega, Suiza, Reino Unido, Irlanda e Islandia: 15 euros ;   EE.UU., Canad\u00e1 y Australia: 35 euros. Dependiendo de tu pa\u00eds, pueden cobrarse derechos de aduana o impuestos en el momento de la entrega. Ponte en contacto conmigo para la entrega a un pa\u00eds que no figure en la lista anterior.","og_url":"https:\/\/marc-folly.com\/es\/produit\/marc-folly-obras-sobre-papel-3\/","og_site_name":"Marc Folly","article_modified_time":"2026-03-19T09:28:10+00:00","og_image":[{"width":1476,"height":1476,"url":"https:\/\/marc-folly.com\/wp-content\/uploads\/2025\/07\/MF_Livre_3_RVB_Couv-1.jpg","type":"image\/jpeg"}],"twitter_card":"summary_large_image","schema":{"@context":"https:\/\/schema.org","@graph":[{"@type":"WebPage","@id":"https:\/\/marc-folly.com\/es\/produit\/marc-folly-obras-sobre-papel-3\/","url":"https:\/\/marc-folly.com\/es\/produit\/marc-folly-obras-sobre-papel-3\/","name":"MARC FOLLY - OBRAS SOBRE PAPEL 3 - Marc Folly","isPartOf":{"@id":"https:\/\/marc-folly.com\/es\/#website"},"primaryImageOfPage":{"@id":"https:\/\/marc-folly.com\/es\/produit\/marc-folly-obras-sobre-papel-3\/#primaryimage"},"image":{"@id":"https:\/\/marc-folly.com\/es\/produit\/marc-folly-obras-sobre-papel-3\/#primaryimage"},"thumbnailUrl":"https:\/\/marc-folly.com\/wp-content\/uploads\/2025\/07\/MF_Livre_3_RVB_Couv-1.jpg","datePublished":"2025-07-02T09:23:33+00:00","dateModified":"2026-03-19T09:28:10+00:00","breadcrumb":{"@id":"https:\/\/marc-folly.com\/es\/produit\/marc-folly-obras-sobre-papel-3\/#breadcrumb"},"inLanguage":"es","potentialAction":[{"@type":"ReadAction","target":["https:\/\/marc-folly.com\/es\/produit\/marc-folly-obras-sobre-papel-3\/"]}]},{"@type":"ImageObject","inLanguage":"es","@id":"https:\/\/marc-folly.com\/es\/produit\/marc-folly-obras-sobre-papel-3\/#primaryimage","url":"https:\/\/marc-folly.com\/wp-content\/uploads\/2025\/07\/MF_Livre_3_RVB_Couv-1.jpg","contentUrl":"https:\/\/marc-folly.com\/wp-content\/uploads\/2025\/07\/MF_Livre_3_RVB_Couv-1.jpg","width":1476,"height":1476,"caption":"MARC FOLLY \u2013 OEUVRES SUR PAPIER 3"},{"@type":"BreadcrumbList","@id":"https:\/\/marc-folly.com\/es\/produit\/marc-folly-obras-sobre-papel-3\/#breadcrumb","itemListElement":[{"@type":"ListItem","position":1,"name":"Accueil","item":"https:\/\/marc-folly.com\/es\/"},{"@type":"ListItem","position":2,"name":"Productos","item":"https:\/\/marc-folly.com\/es\/shop\/"},{"@type":"ListItem","position":3,"name":"MARC FOLLY &#8211; OBRAS SOBRE PAPEL 3"}]},{"@type":"WebSite","@id":"https:\/\/marc-folly.com\/es\/#website","url":"https:\/\/marc-folly.com\/es\/","name":"Marc Folly","description":"","publisher":{"@id":"https:\/\/marc-folly.com\/es\/#organization"},"potentialAction":[{"@type":"SearchAction","target":{"@type":"EntryPoint","urlTemplate":"https:\/\/marc-folly.com\/es\/?s={search_term_string}"},"query-input":{"@type":"PropertyValueSpecification","valueRequired":true,"valueName":"search_term_string"}}],"inLanguage":"es"},{"@type":"Organization","@id":"https:\/\/marc-folly.com\/es\/#organization","name":"Marc Folly","url":"https:\/\/marc-folly.com\/es\/","logo":{"@type":"ImageObject","inLanguage":"es","@id":"https:\/\/marc-folly.com\/es\/#\/schema\/logo\/image\/","url":"https:\/\/marc-folly.com\/wp-content\/uploads\/2023\/11\/logo-marc-folly-2023.svg","contentUrl":"https:\/\/marc-folly.com\/wp-content\/uploads\/2023\/11\/logo-marc-folly-2023.svg","width":1300,"height":214,"caption":"Marc Folly"},"image":{"@id":"https:\/\/marc-folly.com\/es\/#\/schema\/logo\/image\/"}}]}},"_links":{"self":[{"href":"https:\/\/marc-folly.com\/es\/wp-json\/wp\/v2\/product\/10911","targetHints":{"allow":["GET"]}}],"collection":[{"href":"https:\/\/marc-folly.com\/es\/wp-json\/wp\/v2\/product"}],"about":[{"href":"https:\/\/marc-folly.com\/es\/wp-json\/wp\/v2\/types\/product"}],"replies":[{"embeddable":true,"href":"https:\/\/marc-folly.com\/es\/wp-json\/wp\/v2\/comments?post=10911"}],"wp:featuredmedia":[{"embeddable":true,"href":"https:\/\/marc-folly.com\/es\/wp-json\/wp\/v2\/media\/10883"}],"wp:attachment":[{"href":"https:\/\/marc-folly.com\/es\/wp-json\/wp\/v2\/media?parent=10911"}],"wp:term":[{"taxonomy":"product_brand","embeddable":true,"href":"https:\/\/marc-folly.com\/es\/wp-json\/wp\/v2\/product_brand?post=10911"},{"taxonomy":"product_cat","embeddable":true,"href":"https:\/\/marc-folly.com\/es\/wp-json\/wp\/v2\/product_cat?post=10911"},{"taxonomy":"product_tag","embeddable":true,"href":"https:\/\/marc-folly.com\/es\/wp-json\/wp\/v2\/product_tag?post=10911"}],"curies":[{"name":"wp","href":"https:\/\/api.w.org\/{rel}","templated":true}]}}